{"id":418,"date":"2023-02-17T23:09:05","date_gmt":"2023-02-17T23:09:05","guid":{"rendered":"https:\/\/seelenoase-zuerich.ch\/?page_id=418"},"modified":"2025-02-17T14:58:31","modified_gmt":"2025-02-17T14:58:31","slug":"impressum","status":"publish","type":"page","link":"https:\/\/seelenoase-zuerich.ch\/bs\/impressum\/","title":{"rendered":"Impressum"},"content":{"rendered":"<div data-elementor-type=\"wp-page\" data-elementor-id=\"418\" class=\"elementor elementor-418\" data-elementor-post-type=\"page\">\n\t\t\t\t\t\t<section class=\"elementor-section elementor-top-section elementor-element elementor-element-9fcece0 elementor-section-boxed elementor-section-height-default elementor-section-height-default\" data-id=\"9fcece0\" data-element_type=\"section\" data-e-type=\"section\">\n\t\t\t\t\t\t<div class=\"elementor-container elementor-column-gap-default\">\n\t\t\t\t\t<div class=\"elementor-column elementor-col-100 elementor-top-column elementor-element elementor-element-f551f47\" data-id=\"f551f47\" data-element_type=\"column\" data-e-type=\"column\">\n\t\t\t<div class=\"elementor-widget-wrap elementor-element-populated\">\n\t\t\t\t\t\t\t<\/div>\n\t\t<\/div>\n\t\t\t\t\t<\/div>\n\t\t<\/section>\n\t\t\t\t<section class=\"elementor-section elementor-top-section elementor-element elementor-element-7e99d94 elementor-section-boxed elementor-section-height-default elementor-section-height-default\" data-id=\"7e99d94\" data-element_type=\"section\" data-e-type=\"section\">\n\t\t\t\t\t\t<div class=\"elementor-container elementor-column-gap-default\">\n\t\t\t\t\t<div class=\"elementor-column elementor-col-100 elementor-top-column elementor-element elementor-element-b3f2889\" data-id=\"b3f2889\" data-element_type=\"column\" data-e-type=\"column\">\n\t\t\t<div class=\"elementor-widget-wrap elementor-element-populated\">\n\t\t\t\t\t\t<div class=\"elementor-element elementor-element-106698f elementor-widget elementor-widget-heading\" data-id=\"106698f\" data-element_type=\"widget\" data-e-type=\"widget\" data-widget_type=\"heading.default\">\n\t\t\t\t<div class=\"elementor-widget-container\">\n\t\t\t\t\t<h2 class=\"elementor-heading-title elementor-size-default\">Impressum<\/h2>\t\t\t\t<\/div>\n\t\t\t\t<\/div>\n\t\t\t\t\t<\/div>\n\t\t<\/div>\n\t\t\t\t\t<\/div>\n\t\t<\/section>\n\t\t\t\t<section class=\"elementor-section elementor-top-section elementor-element elementor-element-816a9a0 elementor-section-boxed elementor-section-height-default elementor-section-height-default\" data-id=\"816a9a0\" data-element_type=\"section\" data-e-type=\"section\">\n\t\t\t\t\t\t<div class=\"elementor-container elementor-column-gap-default\">\n\t\t\t\t\t<div class=\"elementor-column elementor-col-100 elementor-top-column elementor-element elementor-element-3bcd767\" data-id=\"3bcd767\" data-element_type=\"column\" data-e-type=\"column\">\n\t\t\t<div class=\"elementor-widget-wrap elementor-element-populated\">\n\t\t\t\t\t\t<div class=\"elementor-element elementor-element-82dc019 elementor-widget elementor-widget-text-editor\" data-id=\"82dc019\" data-element_type=\"widget\" data-e-type=\"widget\" data-widget_type=\"text-editor.default\">\n\t\t\t\t<div class=\"elementor-widget-container\">\n\t\t\t\t\t\t\t\t\t<p><strong><i>Kontakt adresa<\/i><\/strong><\/p>\n<p>Seelenoase GmbH<\/p>\n<p>Amela Cehic &amp; Arnela Cehic<br>Rainweg 6, 8902 Urdorf, Schweiz<\/p>\n<p>E-Mail:<br>info@seelenoase-zuerich.ch<\/p>\n<p><strong><i>Izjava o odricanju odgovornosti<\/i><\/strong><\/p>\n<p>Autor ne preuzima nikakvu odgovornost u pogledu ta\u010dnosti, preciznosti, aktuelnosti, pouzdanosti i potpunosti informacija.<\/p>\n<p>Isklju\u010duju se bilo kakvi zahtjevi za odgovornost protiv autora zbog materijalne ili nematerijalne \u0161tete nastale iz pristupa ili kori\u0161tenja, ili nekori\u0161tenja objavljenih informacija, zloupotrebe veze ili tehni\u010dkih smetnji.<\/p>\n<p>Svi ponu\u0111eni proizvodi su neobavezuju\u0107i. Autor izri\u010dito zadr\u017eava pravo da bez posebne najave izmijeni, dopuni, obri\u0161e ili privremeno ili trajno obustavi objavljivanje dijelova stranica ili cjelokupne ponude.<\/p>\n<p><strong><i>Izjava o odricanju odgovornosti za linkove<\/i><\/strong><\/p>\n<p>Reference i linkovi ka web stranicama tre\u0107ih lica su izvan na\u0161e odgovornosti. Odbija se svaka odgovornost za takve web stranice. Pristup i kori\u0161tenje takvih web stranica vr\u0161i se na vlastiti rizik korisnika.<\/p>\n<p><strong><i>Autorska prava<\/i><\/strong><\/p>\n<p>Autorska prava i sva druga prava na sadr\u017eaj, slike, fotografije ili druge datoteke na ovoj web stranici, isklju\u010divo pripadaju <strong>Amela &amp; Arnela Cehic<\/strong> ili posebno navedenim nosiocima prava. Za reprodukciju bilo kojih elemenata potrebna je prethodna pismena saglasnost nosioca autorskih prava.<\/p>\n<p><!--ACHTUNG: Wenn Sie die Quelle ohne Erlaubnis von SwissAnwalt entfernen, dann begehen Sie eine Urheberrechtsverletzung welche in jedem Fall geahndet wird.-->Izvor: <a href=\"https:\/\/www.swissanwalt.ch\" target=\"_blank\" rel=\"noopener\">SwissAnwalt<\/a><!--Bitte beachten Sie die AGB von SwissAnwalt betreffend allf&auml;llig anfallenden Kosten bei Weglassen der Quelle!--><\/p>\t\t\t\t\t\t\t\t<\/div>\n\t\t\t\t<\/div>\n\t\t\t\t\t<\/div>\n\t\t<\/div>\n\t\t\t\t\t<\/div>\n\t\t<\/section>\n\t\t\t\t<\/div>","protected":false},"excerpt":{"rendered":"<p>Impressum Kontakt-Adresse Seelenoase GmbH Amela Cehic &amp; Arnela CehicRainweg 6, 8902 Urdorf, Schweiz E-Mail:info@seelenoase-zuerich.ch Haftungsausschluss Der Autor \u00fcbernimmt keinerlei Gew\u00e4hr hinsichtlich der inhaltlichen Richtigkeit, Genauigkeit, Aktualit\u00e4t, Zuverl\u00e4ssigkeit und Vollst\u00e4ndigkeit der Informationen. Haftungsanspr\u00fcche gegen den Autor wegen Sch\u00e4den materieller oder immaterieller Art, welche aus dem Zugriff oder der Nutzung bzw. Nichtnutzung der ver\u00f6ffentlichten Informationen, durch Missbrauch [&hellip;]<\/p>\n","protected":false},"author":1,"featured_media":0,"parent":0,"menu_order":0,"comment_status":"closed","ping_status":"closed","template":"elementor_header_footer","meta":{"footnotes":""},"class_list":["post-418","page","type-page","status-publish","hentry"],"_links":{"self":[{"href":"https:\/\/seelenoase-zuerich.ch\/bs\/wp-json\/wp\/v2\/pages\/418","targetHints":{"allow":["GET"]}}],"collection":[{"href":"https:\/\/seelenoase-zuerich.ch\/bs\/wp-json\/wp\/v2\/pages"}],"about":[{"href":"https:\/\/seelenoase-zuerich.ch\/bs\/wp-json\/wp\/v2\/types\/page"}],"author":[{"embeddable":true,"href":"https:\/\/seelenoase-zuerich.ch\/bs\/wp-json\/wp\/v2\/users\/1"}],"replies":[{"embeddable":true,"href":"https:\/\/seelenoase-zuerich.ch\/bs\/wp-json\/wp\/v2\/comments?post=418"}],"version-history":[{"count":10,"href":"https:\/\/seelenoase-zuerich.ch\/bs\/wp-json\/wp\/v2\/pages\/418\/revisions"}],"predecessor-version":[{"id":1118,"href":"https:\/\/seelenoase-zuerich.ch\/bs\/wp-json\/wp\/v2\/pages\/418\/revisions\/1118"}],"wp:attachment":[{"href":"https:\/\/seelenoase-zuerich.ch\/bs\/wp-json\/wp\/v2\/media?parent=418"}],"curies":[{"name":"wp","href":"https:\/\/api.w.org\/{rel}","templated":true}]}}