{"id":33,"date":"2023-02-01T22:07:36","date_gmt":"2023-02-01T22:07:36","guid":{"rendered":"https:\/\/seelenoase-zuerich.ch\/about\/"},"modified":"2025-04-14T14:30:32","modified_gmt":"2025-04-14T14:30:32","slug":"ueber-uns","status":"publish","type":"page","link":"https:\/\/seelenoase-zuerich.ch\/bs\/ueber-uns\/","title":{"rendered":"O nama"},"content":{"rendered":"\t\t<div data-elementor-type=\"wp-page\" data-elementor-id=\"33\" class=\"elementor elementor-33\" data-elementor-post-type=\"page\">\n\t\t\t\t\t\t<section class=\"elementor-section elementor-top-section elementor-element elementor-element-c431840 elementor-section-boxed elementor-section-height-default elementor-section-height-default\" data-id=\"c431840\" data-element_type=\"section\" data-e-type=\"section\">\n\t\t\t\t\t\t<div class=\"elementor-container elementor-column-gap-default\">\n\t\t\t\t\t<div class=\"elementor-column elementor-col-100 elementor-top-column elementor-element elementor-element-bc74a36\" data-id=\"bc74a36\" data-element_type=\"column\" data-e-type=\"column\">\n\t\t\t<div class=\"elementor-widget-wrap elementor-element-populated\">\n\t\t\t\t\t\t<div class=\"elementor-element elementor-element-afd109b elementor-widget elementor-widget-heading\" data-id=\"afd109b\" data-element_type=\"widget\" data-e-type=\"widget\" data-widget_type=\"heading.default\">\n\t\t\t\t<div class=\"elementor-widget-container\">\n\t\t\t\t\t<h1 class=\"elementor-heading-title elementor-size-xl\">\u00dcber uns<\/h1>\t\t\t\t<\/div>\n\t\t\t\t<\/div>\n\t\t\t\t\t<\/div>\n\t\t<\/div>\n\t\t\t\t\t<\/div>\n\t\t<\/section>\n\t\t\t\t<section class=\"elementor-section elementor-top-section elementor-element elementor-element-47122ef elementor-section-boxed elementor-section-height-default elementor-section-height-default\" data-id=\"47122ef\" data-element_type=\"section\" data-e-type=\"section\">\n\t\t\t\t\t\t<div class=\"elementor-container elementor-column-gap-default\">\n\t\t\t\t\t<div class=\"elementor-column elementor-col-33 elementor-top-column elementor-element elementor-element-87aa5d6\" data-id=\"87aa5d6\" data-element_type=\"column\" data-e-type=\"column\">\n\t\t\t<div class=\"elementor-widget-wrap elementor-element-populated\">\n\t\t\t\t\t\t<div class=\"elementor-element elementor-element-9d07670 elementor-view-default elementor-widget elementor-widget-icon\" data-id=\"9d07670\" data-element_type=\"widget\" data-e-type=\"widget\" data-settings=\"{&quot;motion_fx_motion_fx_scrolling&quot;:&quot;yes&quot;,&quot;motion_fx_translateX_effect&quot;:&quot;yes&quot;,&quot;motion_fx_translateX_speed&quot;:{&quot;unit&quot;:&quot;px&quot;,&quot;size&quot;:2,&quot;sizes&quot;:[]},&quot;_animation_mobile&quot;:&quot;slideInRight&quot;,&quot;motion_fx_translateX_affectedRange&quot;:{&quot;unit&quot;:&quot;%&quot;,&quot;size&quot;:&quot;&quot;,&quot;sizes&quot;:{&quot;start&quot;:0,&quot;end&quot;:100}},&quot;motion_fx_devices&quot;:[&quot;desktop&quot;,&quot;tablet&quot;,&quot;mobile&quot;]}\" data-widget_type=\"icon.default\">\n\t\t\t\t<div class=\"elementor-widget-container\">\n\t\t\t\t\t\t\t<div class=\"elementor-icon-wrapper\">\n\t\t\t<div class=\"elementor-icon\">\n\t\t\t<i aria-hidden=\"true\" class=\"fas fa-square\"><\/i>\t\t\t<\/div>\n\t\t<\/div>\n\t\t\t\t\t\t<\/div>\n\t\t\t\t<\/div>\n\t\t\t\t\t<\/div>\n\t\t<\/div>\n\t\t\t\t<div class=\"elementor-column elementor-col-33 elementor-top-column elementor-element elementor-element-9f11852\" data-id=\"9f11852\" data-element_type=\"column\" data-e-type=\"column\">\n\t\t\t<div class=\"elementor-widget-wrap elementor-element-populated\">\n\t\t\t\t\t\t<div class=\"elementor-element elementor-element-3adbad1 elementor-widget elementor-widget-image\" data-id=\"3adbad1\" data-element_type=\"widget\" data-e-type=\"widget\" data-settings=\"{&quot;_animation_mobile&quot;:&quot;fadeIn&quot;}\" data-widget_type=\"image.default\">\n\t\t\t\t<div class=\"elementor-widget-container\">\n\t\t\t\t\t\t\t\t\t\t\t\t\t\t\t<img fetchpriority=\"high\" decoding=\"async\" width=\"768\" height=\"1093\" src=\"https:\/\/seelenoase-zuerich.ch\/wp-content\/uploads\/2025\/04\/BILD-AMI-e1744119308236-768x1093.jpg\" class=\"attachment-medium_large size-medium_large wp-image-1175\" alt=\"\" srcset=\"https:\/\/seelenoase-zuerich.ch\/wp-content\/uploads\/2025\/04\/BILD-AMI-e1744119308236-768x1093.jpg 768w, https:\/\/seelenoase-zuerich.ch\/wp-content\/uploads\/2025\/04\/BILD-AMI-e1744119308236-211x300.jpg 211w, https:\/\/seelenoase-zuerich.ch\/wp-content\/uploads\/2025\/04\/BILD-AMI-e1744119308236-720x1024.jpg 720w, https:\/\/seelenoase-zuerich.ch\/wp-content\/uploads\/2025\/04\/BILD-AMI-e1744119308236-1080x1536.jpg 1080w, https:\/\/seelenoase-zuerich.ch\/wp-content\/uploads\/2025\/04\/BILD-AMI-e1744119308236-8x12.jpg 8w, https:\/\/seelenoase-zuerich.ch\/wp-content\/uploads\/2025\/04\/BILD-AMI-e1744119308236.jpg 1230w\" sizes=\"(max-width: 768px) 100vw, 768px\" \/>\t\t\t\t\t\t\t\t\t\t\t\t\t\t\t<\/div>\n\t\t\t\t<\/div>\n\t\t\t\t\t<\/div>\n\t\t<\/div>\n\t\t\t\t<div class=\"elementor-column elementor-col-33 elementor-top-column elementor-element elementor-element-da392b3\" data-id=\"da392b3\" data-element_type=\"column\" data-e-type=\"column\">\n\t\t\t<div class=\"elementor-widget-wrap elementor-element-populated\">\n\t\t\t\t\t\t<div class=\"elementor-element elementor-element-0718ee2 elementor-view-default elementor-widget elementor-widget-icon\" data-id=\"0718ee2\" data-element_type=\"widget\" data-e-type=\"widget\" data-settings=\"{&quot;motion_fx_motion_fx_scrolling&quot;:&quot;yes&quot;,&quot;motion_fx_translateY_effect&quot;:&quot;yes&quot;,&quot;motion_fx_translateY_speed&quot;:{&quot;unit&quot;:&quot;px&quot;,&quot;size&quot;:1,&quot;sizes&quot;:[]},&quot;_animation_mobile&quot;:&quot;slideInLeft&quot;,&quot;motion_fx_translateY_affectedRange&quot;:{&quot;unit&quot;:&quot;%&quot;,&quot;size&quot;:&quot;&quot;,&quot;sizes&quot;:{&quot;start&quot;:0,&quot;end&quot;:100}},&quot;motion_fx_devices&quot;:[&quot;desktop&quot;,&quot;tablet&quot;,&quot;mobile&quot;]}\" data-widget_type=\"icon.default\">\n\t\t\t\t<div class=\"elementor-widget-container\">\n\t\t\t\t\t\t\t<div class=\"elementor-icon-wrapper\">\n\t\t\t<div class=\"elementor-icon\">\n\t\t\t<i aria-hidden=\"true\" class=\"fas fa-square\"><\/i>\t\t\t<\/div>\n\t\t<\/div>\n\t\t\t\t\t\t<\/div>\n\t\t\t\t<\/div>\n\t\t\t\t\t<\/div>\n\t\t<\/div>\n\t\t\t\t\t<\/div>\n\t\t<\/section>\n\t\t\t\t<section class=\"elementor-section elementor-top-section elementor-element elementor-element-d083d6f elementor-section-content-middle elementor-section-boxed elementor-section-height-default elementor-section-height-default\" data-id=\"d083d6f\" data-element_type=\"section\" data-e-type=\"section\">\n\t\t\t\t\t\t<div class=\"elementor-container elementor-column-gap-no\">\n\t\t\t\t\t<div class=\"elementor-column elementor-col-16 elementor-top-column elementor-element elementor-element-199f785a\" data-id=\"199f785a\" data-element_type=\"column\" data-e-type=\"column\">\n\t\t\t<div class=\"elementor-widget-wrap\">\n\t\t\t\t\t\t\t<\/div>\n\t\t<\/div>\n\t\t\t\t<div class=\"elementor-column elementor-col-66 elementor-top-column elementor-element elementor-element-f21bbb3\" data-id=\"f21bbb3\" data-element_type=\"column\" data-e-type=\"column\">\n\t\t\t<div class=\"elementor-widget-wrap elementor-element-populated\">\n\t\t\t\t\t\t<div class=\"elementor-element elementor-element-dcb5d75 elementor-widget elementor-widget-heading\" data-id=\"dcb5d75\" data-element_type=\"widget\" data-e-type=\"widget\" data-widget_type=\"heading.default\">\n\t\t\t\t<div class=\"elementor-widget-container\">\n\t\t\t\t\t<h2 class=\"elementor-heading-title elementor-size-default\">Amela<\/h2>\t\t\t\t<\/div>\n\t\t\t\t<\/div>\n\t\t\t\t<div class=\"elementor-element elementor-element-1a9506c elementor-invisible elementor-widget elementor-widget-text-editor\" data-id=\"1a9506c\" data-element_type=\"widget\" data-e-type=\"widget\" data-settings=\"{&quot;_animation&quot;:&quot;fadeIn&quot;,&quot;_animation_mobile&quot;:&quot;slideInLeft&quot;,&quot;_animation_delay&quot;:&quot;200&quot;}\" data-widget_type=\"text-editor.default\">\n\t\t\t\t<div class=\"elementor-widget-container\">\n\t\t\t\t\t\t\t\t\t<p>Seit vielen Jahren besch\u00e4ftige ich mich mit allem rund um Psychologie und Spiritualit\u00e4t. Denn schon von klein auf war mir bewusst, dass das was wir sehen nicht alles sein kann. Ich sp\u00fcrte den Drang nach Magie, nach einem unbeschwerten Leben voller Leichtigkeit und Liebe. Bereits als Kind f\u00fchlte ich sehr viel und konnte Energien wahrnehmen.<\/p><p>\u00a0\u00abWas ist der Sinn des Lebens?\u00bb fragte ich mich schon in sehr jungen Jahren.<\/p><p>Die Reise zu dieser Antwort entfacht in mir jeden Tag aufs Neue mein inneres Feuer. \u00a0Der Impuls kam mir vor einigen Jahren in einer Meditation: mich meiner Begabung und Passion vollkommen zu widmen und somit folglich meinen Versicherungsjob zu k\u00fcndigen. Anfangs traute ich mich nicht, \u00abdas sichere Nest\u00bb zu verlassen und einen Bereich zu beschreiten, welcher so viel Mut abverlangt, da diese Arbeit nicht auf Anhieb sichtbar ist, wie die Zahlen im B\u00fcro. Mir wurde jedoch bewusst, dass es fast schon selbsts\u00fcchtig ist seine Talente und Gaben, wegen welcher man hier inkarniert ist, nicht mit der Welt zu teilen.<\/p><p>Das Leben ist so wundervoll!<\/p><p>Von einem erf\u00fcllten und gl\u00fccklichen Leben trennt uns im Grunde genommen nur etwas: das Verst\u00e4ndnis, dass wir aufh\u00f6ren uns mit \u00abunserer Geschichte\u00bb zu identifizieren.<\/p><p>Mit viel Hingabe und Liebe folge ich meiner Berufung, um bei all meinen Kunden den inneren Guru zu erwecken. Gespr\u00e4che auf der rationalen Ebene und k\u00f6rperzentriertes Arbeiten helfen uns im Leben oft weiterzukommen. Doch gibt es Lebensthemen, die noch gr\u00f6sser sind und tiefer liegen, deren Ursprung aus anderen Leben stammt oder wir aus unserer Ahnenreihe \u00fcbernommen haben.<\/p><p>Durch die Zusammenarbeit der psychologischen und spirituellen Techniken ist es m\u00f6glich, das ganze Leben innert kurzer Zeit zu transformieren.<\/p><p><em>Komme in deine Selbsterm\u00e4chtigung, in deine Kraft und erschaffen dir das Leben, welches du schon immer leben wollten!<\/em><\/p><p><strong>Ausbildungen<\/strong><\/p><ul><li>dipl. Hypnosetherapeutin<\/li><li>K\u00f6rperzentrierte psychologische Beratung, IKP Institut<\/li><li>Akasha Chronik Ausbildung bei Tamara Lang (1&amp;2) Ausbildung und Vertiefung<\/li><li>Tarotausbildung nach Aleister Crowley<\/li><li>Diverse Seminare im Bereich Schamanismus und Healing<\/li><li>Schamanische Ausbildung nach Sevko Bajic<\/li><li>Manifestationsseminar nach Sergio Roje<\/li><li>Ausbildungen im Bereich Weiblichkeit (Weiblichkeit leben, erwecken und das Leben nach dem weiblichen Zyklus)<\/li><li>Ausbildung Aurahealing<\/li><li>Diverse Kurse und Weiterbildungen im Bereich, Psychologie, Healing (Mensch und Tier), Sensitivit\u00e4t, Medialit\u00e4t<\/li><li>Traumseminare<\/li><\/ul>\t\t\t\t\t\t\t\t<\/div>\n\t\t\t\t<\/div>\n\t\t\t\t\t<\/div>\n\t\t<\/div>\n\t\t\t\t<div class=\"elementor-column elementor-col-16 elementor-top-column elementor-element elementor-element-26d3e71\" data-id=\"26d3e71\" data-element_type=\"column\" data-e-type=\"column\">\n\t\t\t<div class=\"elementor-widget-wrap\">\n\t\t\t\t\t\t\t<\/div>\n\t\t<\/div>\n\t\t\t\t\t<\/div>\n\t\t<\/section>\n\t\t<div class=\"elementor-element elementor-element-4dde499 e-flex e-con-boxed e-con e-parent\" data-id=\"4dde499\" data-element_type=\"container\" data-e-type=\"container\" data-settings=\"{&quot;background_background&quot;:&quot;classic&quot;}\">\n\t\t\t\t\t<div class=\"e-con-inner\">\n\t\t<div class=\"elementor-element elementor-element-6649085 e-con-full e-flex e-con e-child\" data-id=\"6649085\" data-element_type=\"container\" data-e-type=\"container\">\n\t\t\t\t<div class=\"elementor-element elementor-element-42e77ad elementor-view-default elementor-widget elementor-widget-icon\" data-id=\"42e77ad\" data-element_type=\"widget\" data-e-type=\"widget\" data-settings=\"{&quot;motion_fx_motion_fx_scrolling&quot;:&quot;yes&quot;,&quot;motion_fx_translateX_effect&quot;:&quot;yes&quot;,&quot;motion_fx_translateX_speed&quot;:{&quot;unit&quot;:&quot;px&quot;,&quot;size&quot;:2,&quot;sizes&quot;:[]},&quot;_animation_mobile&quot;:&quot;slideInRight&quot;,&quot;motion_fx_translateX_affectedRange&quot;:{&quot;unit&quot;:&quot;%&quot;,&quot;size&quot;:&quot;&quot;,&quot;sizes&quot;:{&quot;start&quot;:0,&quot;end&quot;:100}},&quot;motion_fx_devices&quot;:[&quot;desktop&quot;,&quot;tablet&quot;,&quot;mobile&quot;]}\" data-widget_type=\"icon.default\">\n\t\t\t\t<div class=\"elementor-widget-container\">\n\t\t\t\t\t\t\t<div class=\"elementor-icon-wrapper\">\n\t\t\t<div class=\"elementor-icon\">\n\t\t\t<i aria-hidden=\"true\" class=\"fas fa-square\"><\/i>\t\t\t<\/div>\n\t\t<\/div>\n\t\t\t\t\t\t<\/div>\n\t\t\t\t<\/div>\n\t\t\t\t<\/div>\n\t\t<div class=\"elementor-element elementor-element-da8745e e-con-full e-flex e-con e-child\" data-id=\"da8745e\" data-element_type=\"container\" data-e-type=\"container\">\n\t\t\t\t<div class=\"elementor-element elementor-element-e0cfd4a elementor-widget elementor-widget-image\" data-id=\"e0cfd4a\" data-element_type=\"widget\" data-e-type=\"widget\" data-settings=\"{&quot;_animation_mobile&quot;:&quot;fadeIn&quot;}\" data-widget_type=\"image.default\">\n\t\t\t\t<div class=\"elementor-widget-container\">\n\t\t\t\t\t\t\t\t\t\t\t\t\t\t\t<img decoding=\"async\" width=\"866\" height=\"1105\" src=\"https:\/\/seelenoase-zuerich.ch\/wp-content\/uploads\/2025\/04\/ICH-BILD-e1744119736815.jpg\" class=\"attachment-full size-full wp-image-1177\" alt=\"\" srcset=\"https:\/\/seelenoase-zuerich.ch\/wp-content\/uploads\/2025\/04\/ICH-BILD-e1744119736815.jpg 866w, https:\/\/seelenoase-zuerich.ch\/wp-content\/uploads\/2025\/04\/ICH-BILD-e1744119736815-235x300.jpg 235w, https:\/\/seelenoase-zuerich.ch\/wp-content\/uploads\/2025\/04\/ICH-BILD-e1744119736815-803x1024.jpg 803w, https:\/\/seelenoase-zuerich.ch\/wp-content\/uploads\/2025\/04\/ICH-BILD-e1744119736815-768x980.jpg 768w, https:\/\/seelenoase-zuerich.ch\/wp-content\/uploads\/2025\/04\/ICH-BILD-e1744119736815-9x12.jpg 9w\" sizes=\"(max-width: 866px) 100vw, 866px\" \/>\t\t\t\t\t\t\t\t\t\t\t\t\t\t\t<\/div>\n\t\t\t\t<\/div>\n\t\t\t\t<\/div>\n\t\t<div class=\"elementor-element elementor-element-6be982a e-con-full e-flex e-con e-child\" data-id=\"6be982a\" data-element_type=\"container\" data-e-type=\"container\">\n\t\t\t\t<div class=\"elementor-element elementor-element-8ba5ee0 elementor-view-default elementor-widget elementor-widget-icon\" data-id=\"8ba5ee0\" data-element_type=\"widget\" data-e-type=\"widget\" data-settings=\"{&quot;motion_fx_motion_fx_scrolling&quot;:&quot;yes&quot;,&quot;motion_fx_translateY_effect&quot;:&quot;yes&quot;,&quot;motion_fx_translateY_speed&quot;:{&quot;unit&quot;:&quot;px&quot;,&quot;size&quot;:1,&quot;sizes&quot;:[]},&quot;motion_fx_translateY_affectedRange&quot;:{&quot;unit&quot;:&quot;%&quot;,&quot;size&quot;:&quot;&quot;,&quot;sizes&quot;:{&quot;start&quot;:33,&quot;end&quot;:100}},&quot;_animation_mobile&quot;:&quot;slideInLeft&quot;,&quot;motion_fx_devices&quot;:[&quot;desktop&quot;,&quot;tablet&quot;,&quot;mobile&quot;]}\" data-widget_type=\"icon.default\">\n\t\t\t\t<div class=\"elementor-widget-container\">\n\t\t\t\t\t\t\t<div class=\"elementor-icon-wrapper\">\n\t\t\t<div class=\"elementor-icon\">\n\t\t\t<i aria-hidden=\"true\" class=\"fas fa-square\"><\/i>\t\t\t<\/div>\n\t\t<\/div>\n\t\t\t\t\t\t<\/div>\n\t\t\t\t<\/div>\n\t\t\t\t<\/div>\n\t\t\t\t\t<\/div>\n\t\t\t\t<\/div>\n\t\t\t\t<section class=\"elementor-section elementor-top-section elementor-element elementor-element-5db63a2 elementor-section-content-middle elementor-reverse-mobile elementor-section-boxed elementor-section-height-default elementor-section-height-default\" data-id=\"5db63a2\" data-element_type=\"section\" data-e-type=\"section\" data-settings=\"{&quot;background_background&quot;:&quot;classic&quot;}\">\n\t\t\t\t\t\t<div class=\"elementor-container elementor-column-gap-no\">\n\t\t\t\t\t<div class=\"elementor-column elementor-col-16 elementor-top-column elementor-element elementor-element-e8485ef\" data-id=\"e8485ef\" data-element_type=\"column\" data-e-type=\"column\">\n\t\t\t<div class=\"elementor-widget-wrap\">\n\t\t\t\t\t\t\t<\/div>\n\t\t<\/div>\n\t\t\t\t<div class=\"elementor-column elementor-col-66 elementor-top-column elementor-element elementor-element-fb04cdf\" data-id=\"fb04cdf\" data-element_type=\"column\" data-e-type=\"column\">\n\t\t\t<div class=\"elementor-widget-wrap elementor-element-populated\">\n\t\t\t\t\t\t<div class=\"elementor-element elementor-element-1b6e175 elementor-widget elementor-widget-heading\" data-id=\"1b6e175\" data-element_type=\"widget\" data-e-type=\"widget\" data-widget_type=\"heading.default\">\n\t\t\t\t<div class=\"elementor-widget-container\">\n\t\t\t\t\t<h2 class=\"elementor-heading-title elementor-size-default\">Arnela<\/h2>\t\t\t\t<\/div>\n\t\t\t\t<\/div>\n\t\t\t\t<div class=\"elementor-element elementor-element-8429db1 elementor-invisible elementor-widget elementor-widget-text-editor\" data-id=\"8429db1\" data-element_type=\"widget\" data-e-type=\"widget\" data-settings=\"{&quot;_animation&quot;:&quot;fadeIn&quot;,&quot;_animation_mobile&quot;:&quot;slideInLeft&quot;,&quot;_animation_delay&quot;:&quot;200&quot;}\" data-widget_type=\"text-editor.default\">\n\t\t\t\t<div class=\"elementor-widget-container\">\n\t\t\t\t\t\t\t\t\t<p>Ich habe meine Berufskarriere in der Versicherungsbranche gestartet und die Finanzwelt kennengelernt. Nach erfolgreichen Jahren in meinem Beruf wurde mir bewusst, dass ich mehr vom Leben m\u00f6chte. Ich suchte den Regenbogen, die Farbenvielfalt im Leben, welche ich in meinem B\u00fcrojob nicht finden konnte. Immer mehr begegnete ich im Aussen Impulsen, welche mich tiefer in die Pers\u00f6nlichkeitsentwicklung, das Mentaltraining sowie die Psychologie\/Spiritualit\u00e4t f\u00fchrten. Endlich verstand ich den Satz \u00abwie im Innen so im Aussen\u00bb nicht nur in der Theorie, sondern auch am eigenen Leib. Neue Lehren und Lehrer sind in mein Leben getreten und mein Wissenshorizont erweiterte sich. V\u00f6llig in dieser Welt angekommen bin ich jedoch, als ich den mutigen Schritt gewagt haben, meinen sicheren B\u00fcrojob zu k\u00fcndigen und mich vollkommen meinem Weg zu widmen. Ab diesem Zeitpunkt besuchte ich etliche Seminare, Ausbildungen sowie Schulungen in diesen Bereichen.<\/p>\n<p>Als Pers\u00f6nlichkeit war ich von Klein auf sehr ausgeglichen und liebevoll. Mit meiner beruhigenden sowie emphatischen Art habe ich bereits in jungen Jahren die beratende und unterst\u00fctzende Funktion in meiner Umgebung eingenommen.<\/p>\n<p>Jeder von uns ist in der Essenz eine perfekte Seele mit einem individuellen Weg auf der Erde. Erst wenn wir unseren Lebensweg beschreiten, \u00f6ffnet sich f\u00fcr uns die Zufriedenheit, das Gl\u00fcck, das Gef\u00fchl vollkommener F\u00fclle.<\/p>\n<p>Ich freue mich auf jeden Menschen, welcher den Schritt in die Unbeschwertheit und Leichtigkeit mit uns an der Seite beschreiten m\u00f6chte. Transformiere dein Leben zu deiner Traumwelt.<\/p>\n<p><strong>Ausbildungen<\/strong><\/p>\n<ul>\n<li>mehrfach dipl. Hypnosetherapeutin<\/li>\n<li>Transformationsausbildung Strast &#8211; Supernaturals (Bereich Psychologie, Spiritualit\u00e4t, Achtsamkeit, Schamanismus, energetische Arbeit, Ern\u00e4hrung, innere Reinigung, usw.)<\/li>\n<li>Ausbildungen im Bereich der Weiblichkeit (Weiblichkeit leben, erwecken und das Leben nach dem weiblichen Zyklus)<\/li>\n<li>Seminare im Bereich Manifestation\/Psychologie\/Spiritualit\u00e4t nach Sergio Roje<\/li>\n<li>Seminare im Bereich &#8222;Umgang mit Emotionen&#8220;<\/li>\n<\/ul>\t\t\t\t\t\t\t\t<\/div>\n\t\t\t\t<\/div>\n\t\t\t\t\t<\/div>\n\t\t<\/div>\n\t\t\t\t<div class=\"elementor-column elementor-col-16 elementor-top-column elementor-element elementor-element-df99911\" data-id=\"df99911\" data-element_type=\"column\" data-e-type=\"column\">\n\t\t\t<div class=\"elementor-widget-wrap\">\n\t\t\t\t\t\t\t<\/div>\n\t\t<\/div>\n\t\t\t\t\t<\/div>\n\t\t<\/section>\n\t\t\t\t<\/div>\n\t\t","protected":false},"excerpt":{"rendered":"<p>\u00dcber uns Amela Seit vielen Jahren besch\u00e4ftige ich mich mit allem rund um Psychologie und Spiritualit\u00e4t. Denn schon von klein auf war mir bewusst, dass das was wir sehen nicht alles sein kann. Ich sp\u00fcrte den Drang nach Magie, nach einem unbeschwerten Leben voller Leichtigkeit und Liebe. Bereits als Kind f\u00fchlte ich sehr viel und [&hellip;]<\/p>\n","protected":false},"author":1,"featured_media":0,"parent":0,"menu_order":0,"comment_status":"closed","ping_status":"open","template":"elementor_header_footer","meta":{"footnotes":""},"class_list":["post-33","page","type-page","status-publish","hentry"],"_links":{"self":[{"href":"https:\/\/seelenoase-zuerich.ch\/bs\/wp-json\/wp\/v2\/pages\/33","targetHints":{"allow":["GET"]}}],"collection":[{"href":"https:\/\/seelenoase-zuerich.ch\/bs\/wp-json\/wp\/v2\/pages"}],"about":[{"href":"https:\/\/seelenoase-zuerich.ch\/bs\/wp-json\/wp\/v2\/types\/page"}],"author":[{"embeddable":true,"href":"https:\/\/seelenoase-zuerich.ch\/bs\/wp-json\/wp\/v2\/users\/1"}],"replies":[{"embeddable":true,"href":"https:\/\/seelenoase-zuerich.ch\/bs\/wp-json\/wp\/v2\/comments?post=33"}],"version-history":[{"count":35,"href":"https:\/\/seelenoase-zuerich.ch\/bs\/wp-json\/wp\/v2\/pages\/33\/revisions"}],"predecessor-version":[{"id":1477,"href":"https:\/\/seelenoase-zuerich.ch\/bs\/wp-json\/wp\/v2\/pages\/33\/revisions\/1477"}],"wp:attachment":[{"href":"https:\/\/seelenoase-zuerich.ch\/bs\/wp-json\/wp\/v2\/media?parent=33"}],"curies":[{"name":"wp","href":"https:\/\/api.w.org\/{rel}","templated":true}]}}